{"id":735,"date":"2025-03-13T13:04:05","date_gmt":"2025-03-13T12:04:05","guid":{"rendered":"https:\/\/www.park-indigo.ch\/rechtliche-hinweise\/"},"modified":"2025-03-13T17:45:39","modified_gmt":"2025-03-13T16:45:39","slug":"rechtliche-hinweise","status":"publish","type":"page","link":"https:\/\/www.park-indigo.ch\/de\/rechtliche-hinweise\/","title":{"rendered":"Rechtliche Hinweise"},"content":{"rendered":"\r\n<section class=\"gut-block gut-hero-simple type-classique\" >\r\n\t<div class=\"bg\">\r\n\t\t<div class=\"wrap\"><\/div>\r\n\t<\/div>\r\n\r\n\t<div class=\"wrap\">\r\n\t\t\r\n\t\t\t\t\t<div class=\"grid-container\">\r\n\t\t\t\t<div class=\"grid-el-tb-12\">\r\n\t\t\t\t\t<nav class=\"breadcrumb\" role=\"navigation\" aria-label=\"Fil d\u2019Arianne :\">\r\n\t<ul class=\"breadcrumb-list\">\r\n\t\t<li class=\"breadcrumb-item\">\r\n\t\t\t<a href=\"https:\/\/www.park-indigo.ch\/de\/\">Startseite<\/a>\r\n\t\t<\/li>\r\n\r\n\t\t\t\t\t\t\r\n\t\t\t\t<li class=\"breadcrumb-item\" aria-current=\"page\">\r\n\t\t\t\t\tRechtliche Hinweise\t\t\t\t<\/li>\r\n\t\t\t\t\t\t<\/ul>\r\n<\/nav>\t\t\t\t<\/div>\r\n\r\n\t\t\t\t<div class=\"content-part grid-container\">\r\n\t\t\t\t\t<div class=\"grid-el-tb-6\">\r\n\t\t\t\t\t\t\r\n\t\t\t\t\t\t\t\t\t\t\t\t\t<h1 class=\"block-title titre-h2\">Rechtliche Hinweise<\/h1>\r\n\t\t\t\t\t\t\t\t\t\t\t<\/div>\r\n\r\n\t\t\t\t\t<div class=\"textes grid-el-tb-5 grid-el-md-4\">\r\n\t\t\t\t\t\t\r\n\t\t\t\t\t\t\r\n\t\t\t\t\t\t\t\t\t\t\t<\/div>\r\n\t\t\t\t<\/div>\r\n\t\t\t<\/div>\r\n\t\t\t<\/div>\r\n<\/section>\r\n\n\n<section class=\"gut-block gut-texte bg-color-blanc\" >\n\t<div class=\"wrap\">\n\t\t<div class=\"texte wysiwyg-content\">\n\t\t\t<p><strong>Herausgeber:<br \/>\n<\/strong>Die Website <a href=\"http:\/\/www.group-indigo.com\/\">www.group-indigo.com<\/a> (die &#8222;Website&#8220;) wird von <strong>INDIGO GROUP<\/strong> herausgegeben, einer Aktiengesellschaft mit Vorstand und Aufsichtsrat und einem Kapital von 183.021.628 Euro, mit Sitz im Geb\u00e4ude The Curve 48-50 Avenue du G\u00e9n\u00e9ral de Gaulle 92800 PUTEAUX, eingetragen im Handels- und Gesellschaftsregister von Nanterre unter der Nummer 800 348 146.<\/p>\n<p><strong>Verantwortlich f\u00fcr die Ver\u00f6ffentlichung:<\/strong><br \/>\nS\u00e9bastien FRAISSE, Vorstandsvorsitzender der Indigo Group<\/p>\n<p><strong>Kontakt\u00a0:<br \/>\n<\/strong><a href=\"mailto:communication.fr@group-indigo.com\">communication.fr@group-indigo.com<\/a><\/p>\n<p><strong>Hosting:<\/strong><br \/>\nDie Website wird auf den Servern von Microsoft Irland mit Sitz im Atrium Building &#8211; Block B &#8211; Carmanhall Road &#8211; Sandyford Industrial Estate &#8211; Dublin 18 &#8211; Irland, registriert in Irland unter der Nummer 256 796, gehostet.<\/p>\n<p><strong>Design\/Realisierung\u00a0:<\/strong><br \/>\n<strong>BRAINSONIC<\/strong>, eine vereinfachte Aktiengesellschaft mit einem Kapital von 181.073,00 \u20ac, eingetragen im Handels- und Gesellschaftsregister von Paris unter der Nummer 448.567.867, mit eingetragenem Sitz in 45 rue Sedaine 75011 Paris.<\/p>\n<p><strong>Allgemeine Informationen:<\/strong><br \/>\nDer Besuch dieser Website unterliegt der Einhaltung der <a href=\"https:\/\/www.park-indigo.ch\/de\/agb\/\">Allgemeinen Nutzungsbedingungen<\/a>.<br \/>\nDer Internetnutzer wird darauf hingewiesen, dass die Informationen auf dieser Website jederzeit ohne vorherige Ank\u00fcndigung ge\u00e4ndert und\/oder aktualisiert werden k\u00f6nnen.<br \/>\nIndigo haftet nicht f\u00fcr Sch\u00e4den oder Nachteile jeglicher Art, die einem Internetnutzer aufgrund folgender Umst\u00e4nde entstehen:<\/p>\n<ul>\n<li>der Nutzung der Website,<\/li>\n<li>die Unm\u00f6glichkeit, auf die Website zuzugreifen,<\/li>\n<li>Auslassungen, \u00c4nderungen und\/oder Aktualisierungen der Website.<\/li>\n<li>Gem\u00e4\u00df dem Gesetz &#8222;Informatik und Freiheiten&#8220; vom 6. Januar 1978 in seiner letzten g\u00fcltigen Fassung haben Sie ein Recht auf Zugang, Berichtigung, Widerspruch und L\u00f6schung der Sie betreffenden Informationen, das Sie aus\u00fcben k\u00f6nnen:\n<ul>\n<li>schriftlich an die folgende Adresse: INDIGO GROUP &#8211; DPO &#8211; The Curve Building 48-50 Avenue du G\u00e9n\u00e9ral de Gaulle TSA 43214 &#8211; 92919 PARIS LA DEFENSE CEDEX<\/li>\n<li>per E-Mail an <a href=\"mailto:dpo.fr@group-indigo.com\">dpo.fr@group-indigo.com<\/a>.<\/li>\n<\/ul>\n<\/li>\n<\/ul>\n<p>F\u00fcr vollst\u00e4ndige Informationen \u00fcber die Verarbeitung personenbezogener Daten bittet Indigo den Nutzer, die <a href=\"https:\/\/www.park-indigo.ch\/de\/politique-de-confidentialite\/\">Datenschutzrichtlinie<\/a> zu lesen, die auf der Website verf\u00fcgbar ist.<\/p>\n<p><strong>Fotos\u00a0:<\/strong><\/p>\n<ul>\n<li>Antoine Legond,<\/li>\n<li>Patrick Sordoillet<\/li>\n<li>Agentur Babel<\/li>\n<li>Bilddatenbank I-stock<\/li>\n<li>Bilddatenbank Shutterstock<\/li>\n<\/ul>\n\t\t<\/div>\n\t<\/div>\n<\/section>","protected":false},"excerpt":{"rendered":"","protected":false},"author":5,"featured_media":0,"parent":0,"menu_order":0,"comment_status":"closed","ping_status":"closed","template":"","meta":{"_acf_changed":false,"inline_featured_image":false,"footnotes":""},"class_list":["post-735","page","type-page","status-publish","hentry"],"acf":[],"yoast_head":"<!-- This site is optimized with the Yoast SEO plugin v27.2 - https:\/\/yoast.com\/product\/yoast-seo-wordpress\/ -->\n<title>Rechtliche Hinweise - INDIGO Suisse<\/title>\n<meta name=\"robots\" content=\"index, follow, max-snippet:-1, max-image-preview:large, max-video-preview:-1\" \/>\n<link rel=\"canonical\" href=\"https:\/\/www.park-indigo.ch\/de\/rechtliche-hinweise\/\" \/>\n<meta property=\"og:locale\" content=\"de_DE\" \/>\n<meta property=\"og:type\" content=\"article\" \/>\n<meta property=\"og:title\" content=\"Rechtliche Hinweise - INDIGO Suisse\" \/>\n<meta property=\"og:url\" content=\"https:\/\/www.park-indigo.ch\/de\/rechtliche-hinweise\/\" \/>\n<meta property=\"og:site_name\" content=\"INDIGO Suisse\" \/>\n<meta property=\"article:modified_time\" content=\"2025-03-13T16:45:39+00:00\" \/>\n<meta name=\"twitter:card\" content=\"summary_large_image\" \/>\n<meta name=\"twitter:label1\" content=\"Gesch\u00e4tzte Lesezeit\" \/>\n\t<meta name=\"twitter:data1\" content=\"2\u00a0Minuten\" \/>\n<script type=\"application\/ld+json\" class=\"yoast-schema-graph\">{\"@context\":\"https:\/\/schema.org\",\"@graph\":[{\"@type\":\"WebPage\",\"@id\":\"https:\/\/www.park-indigo.ch\/de\/rechtliche-hinweise\/\",\"url\":\"https:\/\/www.park-indigo.ch\/de\/rechtliche-hinweise\/\",\"name\":\"Rechtliche Hinweise - INDIGO Suisse\",\"isPartOf\":{\"@id\":\"https:\/\/www.park-indigo.ch\/de\/#website\"},\"datePublished\":\"2025-03-13T12:04:05+00:00\",\"dateModified\":\"2025-03-13T16:45:39+00:00\",\"breadcrumb\":{\"@id\":\"https:\/\/www.park-indigo.ch\/de\/rechtliche-hinweise\/#breadcrumb\"},\"inLanguage\":\"de\",\"potentialAction\":[{\"@type\":\"ReadAction\",\"target\":[\"https:\/\/www.park-indigo.ch\/de\/rechtliche-hinweise\/\"]}]},{\"@type\":\"BreadcrumbList\",\"@id\":\"https:\/\/www.park-indigo.ch\/de\/rechtliche-hinweise\/#breadcrumb\",\"itemListElement\":[{\"@type\":\"ListItem\",\"position\":1,\"name\":\"Accueil\",\"item\":\"https:\/\/www.park-indigo.ch\/de\/\"},{\"@type\":\"ListItem\",\"position\":2,\"name\":\"Rechtliche Hinweise\"}]},{\"@type\":\"WebSite\",\"@id\":\"https:\/\/www.park-indigo.ch\/de\/#website\",\"url\":\"https:\/\/www.park-indigo.ch\/de\/\",\"name\":\"INDIGO Suisse\",\"description\":\"\",\"publisher\":{\"@id\":\"https:\/\/www.park-indigo.ch\/de\/#organization\"},\"potentialAction\":[{\"@type\":\"SearchAction\",\"target\":{\"@type\":\"EntryPoint\",\"urlTemplate\":\"https:\/\/www.park-indigo.ch\/de\/?s={search_term_string}\"},\"query-input\":{\"@type\":\"PropertyValueSpecification\",\"valueRequired\":true,\"valueName\":\"search_term_string\"}}],\"inLanguage\":\"de\"},{\"@type\":\"Organization\",\"@id\":\"https:\/\/www.park-indigo.ch\/de\/#organization\",\"name\":\"INDIGO Suisse\",\"url\":\"https:\/\/www.park-indigo.ch\/de\/\",\"logo\":{\"@type\":\"ImageObject\",\"inLanguage\":\"de\",\"@id\":\"https:\/\/www.park-indigo.ch\/de\/#\/schema\/logo\/image\/\",\"url\":\"https:\/\/www.park-indigo.ch\/wp-content\/uploads\/sites\/8\/2025\/01\/login-logo.svg\",\"contentUrl\":\"https:\/\/www.park-indigo.ch\/wp-content\/uploads\/sites\/8\/2025\/01\/login-logo.svg\",\"width\":223,\"height\":49,\"caption\":\"INDIGO Suisse\"},\"image\":{\"@id\":\"https:\/\/www.park-indigo.ch\/de\/#\/schema\/logo\/image\/\"}}]}<\/script>\n<!-- \/ Yoast SEO plugin. -->","yoast_head_json":{"title":"Rechtliche Hinweise - INDIGO Suisse","robots":{"index":"index","follow":"follow","max-snippet":"max-snippet:-1","max-image-preview":"max-image-preview:large","max-video-preview":"max-video-preview:-1"},"canonical":"https:\/\/www.park-indigo.ch\/de\/rechtliche-hinweise\/","og_locale":"de_DE","og_type":"article","og_title":"Rechtliche Hinweise - INDIGO Suisse","og_url":"https:\/\/www.park-indigo.ch\/de\/rechtliche-hinweise\/","og_site_name":"INDIGO Suisse","article_modified_time":"2025-03-13T16:45:39+00:00","twitter_card":"summary_large_image","twitter_misc":{"Gesch\u00e4tzte Lesezeit":"2\u00a0Minuten"},"schema":{"@context":"https:\/\/schema.org","@graph":[{"@type":"WebPage","@id":"https:\/\/www.park-indigo.ch\/de\/rechtliche-hinweise\/","url":"https:\/\/www.park-indigo.ch\/de\/rechtliche-hinweise\/","name":"Rechtliche Hinweise - INDIGO Suisse","isPartOf":{"@id":"https:\/\/www.park-indigo.ch\/de\/#website"},"datePublished":"2025-03-13T12:04:05+00:00","dateModified":"2025-03-13T16:45:39+00:00","breadcrumb":{"@id":"https:\/\/www.park-indigo.ch\/de\/rechtliche-hinweise\/#breadcrumb"},"inLanguage":"de","potentialAction":[{"@type":"ReadAction","target":["https:\/\/www.park-indigo.ch\/de\/rechtliche-hinweise\/"]}]},{"@type":"BreadcrumbList","@id":"https:\/\/www.park-indigo.ch\/de\/rechtliche-hinweise\/#breadcrumb","itemListElement":[{"@type":"ListItem","position":1,"name":"Accueil","item":"https:\/\/www.park-indigo.ch\/de\/"},{"@type":"ListItem","position":2,"name":"Rechtliche Hinweise"}]},{"@type":"WebSite","@id":"https:\/\/www.park-indigo.ch\/de\/#website","url":"https:\/\/www.park-indigo.ch\/de\/","name":"INDIGO Suisse","description":"","publisher":{"@id":"https:\/\/www.park-indigo.ch\/de\/#organization"},"potentialAction":[{"@type":"SearchAction","target":{"@type":"EntryPoint","urlTemplate":"https:\/\/www.park-indigo.ch\/de\/?s={search_term_string}"},"query-input":{"@type":"PropertyValueSpecification","valueRequired":true,"valueName":"search_term_string"}}],"inLanguage":"de"},{"@type":"Organization","@id":"https:\/\/www.park-indigo.ch\/de\/#organization","name":"INDIGO Suisse","url":"https:\/\/www.park-indigo.ch\/de\/","logo":{"@type":"ImageObject","inLanguage":"de","@id":"https:\/\/www.park-indigo.ch\/de\/#\/schema\/logo\/image\/","url":"https:\/\/www.park-indigo.ch\/wp-content\/uploads\/sites\/8\/2025\/01\/login-logo.svg","contentUrl":"https:\/\/www.park-indigo.ch\/wp-content\/uploads\/sites\/8\/2025\/01\/login-logo.svg","width":223,"height":49,"caption":"INDIGO Suisse"},"image":{"@id":"https:\/\/www.park-indigo.ch\/de\/#\/schema\/logo\/image\/"}}]}},"_links":{"self":[{"href":"https:\/\/www.park-indigo.ch\/de\/wp-json\/wp\/v2\/pages\/735","targetHints":{"allow":["GET"]}}],"collection":[{"href":"https:\/\/www.park-indigo.ch\/de\/wp-json\/wp\/v2\/pages"}],"about":[{"href":"https:\/\/www.park-indigo.ch\/de\/wp-json\/wp\/v2\/types\/page"}],"author":[{"embeddable":true,"href":"https:\/\/www.park-indigo.ch\/de\/wp-json\/wp\/v2\/users\/5"}],"replies":[{"embeddable":true,"href":"https:\/\/www.park-indigo.ch\/de\/wp-json\/wp\/v2\/comments?post=735"}],"version-history":[{"count":3,"href":"https:\/\/www.park-indigo.ch\/de\/wp-json\/wp\/v2\/pages\/735\/revisions"}],"predecessor-version":[{"id":783,"href":"https:\/\/www.park-indigo.ch\/de\/wp-json\/wp\/v2\/pages\/735\/revisions\/783"}],"wp:attachment":[{"href":"https:\/\/www.park-indigo.ch\/de\/wp-json\/wp\/v2\/media?parent=735"}],"curies":[{"name":"wp","href":"https:\/\/api.w.org\/{rel}","templated":true}]}}